{"id":288,"date":"2020-12-11T16:52:52","date_gmt":"2020-12-11T15:52:52","guid":{"rendered":"http:\/\/trocon.moreo.pl\/?page_id=288"},"modified":"2020-12-22T11:50:13","modified_gmt":"2020-12-22T10:50:13","slug":"o-nas","status":"publish","type":"page","link":"https:\/\/trocon.pl\/en\/o-nas\/","title":{"rendered":"About us"},"content":{"rendered":"<div class=\"wpb-content-wrapper\"><div data-parent=\"true\" class=\"vc_row row-container\" id=\"row-unique-0\"><div class=\"row triple-top-padding triple-bottom-padding single-h-padding limit-width row-parent\"><div class=\"wpb_row row-inner\"><div class=\"wpb_column pos-top pos-center align_left column_parent col-lg-4 single-internal-gutter\"><div class=\"uncol style-light\"  ><div class=\"uncoltable\"><div class=\"uncell no-block-padding\" ><div class=\"uncont\" ><div class=\"uncode-single-media  text-center\"><div class=\"single-wrapper\" style=\"max-width: 100%;\"><div class=\"tmb tmb-light  tmb-bordered tmb-shadowed tmb-shadowed-sm tmb-img-ratio tmb-media-first tmb-media-last tmb-content-overlay tmb-no-bg tmb-lightbox\"><div class=\"t-inside\"><div class=\"t-entry-visual\"><div class=\"t-entry-visual-tc\"><div class=\"uncode-single-media-wrapper img-thumbnail\"><div class=\"dummy\" style=\"padding-top: 100%;\"><\/div><a tabindex=\"-1\" href=\"https:\/\/trocon.pl\/wp-content\/uploads\/2020\/12\/50563336788_36e839285f_o.jpg\" class=\"pushed\" data-active=\"1\" data-lbox=\"ilightbox_single-338\" data-options=\"width:1606,height:1072,thumbnail: 'https:\/\/trocon.pl\/wp-content\/uploads\/2020\/12\/50563336788_36e839285f_o-300x200.jpg'\"><img decoding=\"async\" class=\"wp-image-338\" src=\"https:\/\/trocon.pl\/wp-content\/uploads\/2020\/12\/50563336788_36e839285f_o-uai-1072x1072.jpg\" width=\"1072\" height=\"1072\" alt=\"\"><\/a><\/div>\n\t\t\t\t\t<\/div>\n\t\t\t\t<\/div><\/div><\/div><\/div><\/div><\/div><\/div><\/div><\/div><\/div><div class=\"wpb_column pos-middle pos-center align_left column_parent col-lg-8 single-internal-gutter\"><div class=\"uncol style-light\"  ><div class=\"uncoltable\"><div class=\"uncell no-block-padding\" ><div class=\"uncont\" ><div class=\"uncode_text_column\" ><p><strong>TROCON \u2013 Trolley Connectivity<\/strong> \u2013 to nowoczesna firma, stworzona ze wsp\u00f3\u0142pracy do\u015bwiadczonych partner\u00f3w, od wielu lat dzia\u0142aj\u0105cych na rynku Po\u0142\u0105czyli\u015bmy swoje si\u0142y w zakresie dostarczania nowoczesnych rozwi\u0105za\u0144 dla szeroko poj\u0119tego rynku transportu, ze szczeg\u00f3lnym uwzgl\u0119dnieniem rynku kolejowego.<\/p>\n<p>Powstali\u015bmy jako odpowied\u017a na rosn\u0105ce potrzeby rynku.<\/p>\n<p>Tworzymy dedykowane i nowoczesne rozwi\u0105zania dostosowane do potrzeb klienta. Jeste\u015bmy zespo\u0142em \u0142\u0105cz\u0105cym ludzi z pasj\u0105 i do\u015bwiadczeniem, otwartych na nowe technologie i nowe projekty. Ludzi pe\u0142nych zaanga\u017cowania!<\/p>\n<p><strong>Jeste\u015bmy by projektowa\u0107 \u2013 tworzy\u0107 \u2013 wspiera\u0107.<\/strong><\/p>\n<\/div><\/div><\/div><\/div><\/div><\/div><script id=\"script-row-unique-0\" data-row=\"script-row-unique-0\" type=\"text\/javascript\" class=\"vc_controls\">UNCODE.initRow(document.getElementById(\"row-unique-0\"));<\/script><\/div><\/div><\/div><div data-parent=\"true\" class=\"vc_row style-color-lxmt-bg row-container\" id=\"row-unique-1\"><div class=\"row triple-top-padding triple-bottom-padding single-h-padding limit-width row-parent\"><div class=\"wpb_row row-inner\"><div class=\"wpb_column pos-middle pos-center align_left column_parent col-lg-8 single-internal-gutter\"><div class=\"uncol style-light\"  ><div class=\"uncoltable\"><div class=\"uncell no-block-padding\" ><div class=\"uncont\" ><div class=\"uncode_text_column\" ><p><strong>Co nas wyr\u00f3\u017cnia? Ludzie!<\/strong><\/p>\n<p>Ludzie profesjonalnie podchodz\u0105cy do ka\u017cdego nawet najmniejszego projektu. Ludzie pe\u0142ni pasji oraz lubi\u0105cy nowe wyzwania!<\/p>\n<p>Naszym atutem jest <strong>polski kapita\u0142<\/strong>! Wspieramy rozw\u00f3j polskiego rynku chc\u0105c przyczyni\u0107 si\u0119 do wzrostu rodzinnej gospodarki. Oferowane rozwi\u0105zania produkujemy w ca\u0142o\u015bci w Polsce. Nasi wykwalifikowani in\u017cynierowi od pocz\u0105tku do ko\u0144ca uczestnicz\u0105 w procesie tworzenia produktu dla Ciebie!<\/p>\n<p><strong>Oferujemy pe\u0142ne wsparcie<\/strong> w procesie u\u017cytkowania produktu poprzez szkolenia z obs\u0142ugi jak r\u00f3wnie\u017c wsparcie serwisowe.<\/p>\n<\/div><\/div><\/div><\/div><\/div><\/div><div class=\"wpb_column pos-top pos-center align_left column_parent col-lg-4 single-internal-gutter\"><div class=\"uncol style-light\"  ><div class=\"uncoltable\"><div class=\"uncell no-block-padding\" ><div class=\"uncont\" ><div class=\"uncode-single-media  text-center\"><div class=\"single-wrapper\" style=\"max-width: 100%;\"><div class=\"tmb tmb-light  tmb-bordered tmb-shadowed tmb-shadowed-sm tmb-img-ratio tmb-media-first tmb-media-last tmb-content-overlay tmb-no-bg tmb-lightbox\"><div class=\"t-inside\"><div class=\"t-entry-visual\"><div class=\"t-entry-visual-tc\"><div class=\"uncode-single-media-wrapper img-thumbnail\"><div class=\"dummy\" style=\"padding-top: 100%;\"><\/div><a tabindex=\"-1\" href=\"https:\/\/trocon.pl\/wp-content\/uploads\/2020\/12\/50564218152_3980222e3b_o.jpg\" class=\"pushed\" data-active=\"1\" data-lbox=\"ilightbox_single-337\" data-options=\"width:1606,height:1072,thumbnail: 'https:\/\/trocon.pl\/wp-content\/uploads\/2020\/12\/50564218152_3980222e3b_o-300x200.jpg'\"><img decoding=\"async\" class=\"wp-image-337\" src=\"https:\/\/trocon.pl\/wp-content\/uploads\/2020\/12\/50564218152_3980222e3b_o-uai-1072x1072.jpg\" width=\"1072\" height=\"1072\" alt=\"\"><\/a><\/div>\n\t\t\t\t\t<\/div>\n\t\t\t\t<\/div><\/div><\/div><\/div><\/div><\/div><\/div><\/div><\/div><\/div><script id=\"script-row-unique-1\" data-row=\"script-row-unique-1\" type=\"text\/javascript\" class=\"vc_controls\">UNCODE.initRow(document.getElementById(\"row-unique-1\"));<\/script><\/div><\/div><\/div><div data-parent=\"true\" class=\"vc_row row-container\" id=\"row-unique-2\"><div class=\"row triple-top-padding triple-bottom-padding single-h-padding limit-width row-parent\"><div class=\"wpb_row row-inner\"><div class=\"wpb_column pos-top pos-center align_left column_parent col-lg-4 single-internal-gutter\"><div class=\"uncol style-light\"  ><div class=\"uncoltable\"><div class=\"uncell no-block-padding\" ><div class=\"uncont\" ><div class=\"uncode-single-media  text-center\"><div class=\"single-wrapper\" style=\"max-width: 100%;\"><div class=\"tmb tmb-light  tmb-bordered tmb-shadowed tmb-shadowed-sm tmb-img-ratio tmb-media-first tmb-media-last tmb-content-overlay tmb-no-bg tmb-lightbox\"><div class=\"t-inside\"><div class=\"t-entry-visual\"><div class=\"t-entry-visual-tc\"><div class=\"uncode-single-media-wrapper img-thumbnail\"><div class=\"dummy\" style=\"padding-top: 100%;\"><\/div><a tabindex=\"-1\" href=\"https:\/\/trocon.pl\/wp-content\/uploads\/2020\/12\/50564081596_5032dab99b_o.jpg\" class=\"pushed\" data-active=\"1\" data-lbox=\"ilightbox_single-339\" data-options=\"width:1606,height:1072,thumbnail: 'https:\/\/trocon.pl\/wp-content\/uploads\/2020\/12\/50564081596_5032dab99b_o-300x200.jpg'\"><img decoding=\"async\" class=\"wp-image-339\" src=\"https:\/\/trocon.pl\/wp-content\/uploads\/2020\/12\/50564081596_5032dab99b_o-uai-1072x1072.jpg\" width=\"1072\" height=\"1072\" alt=\"\"><\/a><\/div>\n\t\t\t\t\t<\/div>\n\t\t\t\t<\/div><\/div><\/div><\/div><\/div><\/div><\/div><\/div><\/div><\/div><div class=\"wpb_column pos-middle pos-center align_left column_parent col-lg-8 single-internal-gutter\"><div class=\"uncol style-light\"  ><div class=\"uncoltable\"><div class=\"uncell no-block-padding\" ><div class=\"uncont\" ><div class=\"uncode_text_column\" ><p>Dbamy o jako\u015b\u0107 \u015bwiadczonych przez nas us\u0142ug, dlatego systematycznie podnosimy swoje kwalifikacje! Nasza wiedza to sukces twojego projektu! Tworz\u0105c produkt dbamy o przysz\u0142o\u015b\u0107 nie tylko Twojego biznesu ale r\u00f3wnie\u017c \u015brodowiska!<\/p>\n<p><strong>Starannie dobieramy materia\u0142y z kt\u00f3rych tworzymy produkty, tak aby d\u0142u\u017cej Tobie s\u0142u\u017cy\u0142y.<\/strong><\/p>\n<\/div><\/div><\/div><\/div><\/div><\/div><script id=\"script-row-unique-2\" data-row=\"script-row-unique-2\" type=\"text\/javascript\" class=\"vc_controls\">UNCODE.initRow(document.getElementById(\"row-unique-2\"));<\/script><\/div><\/div><\/div>\n<\/div>","protected":false},"excerpt":{"rendered":"TROCON \u2013 Trolley Connectivity \u2013 to nowoczesna firma, stworzona ze wsp\u00f3\u0142pracy do\u015bwiadczonych partner\u00f3w, od wielu lat dzia\u0142aj\u0105cych na rynku Po\u0142\u0105czyli\u015bmy [...]","protected":false},"author":1,"featured_media":0,"parent":0,"menu_order":0,"comment_status":"closed","ping_status":"closed","template":"","meta":{"footnotes":""},"class_list":["post-288","page","type-page","status-publish","hentry"],"_links":{"self":[{"href":"https:\/\/trocon.pl\/en\/wp-json\/wp\/v2\/pages\/288"}],"collection":[{"href":"https:\/\/trocon.pl\/en\/wp-json\/wp\/v2\/pages"}],"about":[{"href":"https:\/\/trocon.pl\/en\/wp-json\/wp\/v2\/types\/page"}],"author":[{"embeddable":true,"href":"https:\/\/trocon.pl\/en\/wp-json\/wp\/v2\/users\/1"}],"replies":[{"embeddable":true,"href":"https:\/\/trocon.pl\/en\/wp-json\/wp\/v2\/comments?post=288"}],"version-history":[{"count":4,"href":"https:\/\/trocon.pl\/en\/wp-json\/wp\/v2\/pages\/288\/revisions"}],"predecessor-version":[{"id":331,"href":"https:\/\/trocon.pl\/en\/wp-json\/wp\/v2\/pages\/288\/revisions\/331"}],"wp:attachment":[{"href":"https:\/\/trocon.pl\/en\/wp-json\/wp\/v2\/media?parent=288"}],"curies":[{"name":"wp","href":"https:\/\/api.w.org\/{rel}","templated":true}]}}