{"id":350,"date":"2021-01-14T11:03:50","date_gmt":"2021-01-14T10:03:50","guid":{"rendered":"https:\/\/trocon.pl\/?page_id=350"},"modified":"2021-01-14T11:03:50","modified_gmt":"2021-01-14T10:03:50","slug":"rodo","status":"publish","type":"page","link":"https:\/\/trocon.pl\/en\/rodo\/","title":{"rendered":"Privacy policy"},"content":{"rendered":"<div class=\"wpb-content-wrapper\"><div data-parent=\"true\" class=\"vc_row row-container\" id=\"row-unique-0\"><div class=\"row triple-top-padding triple-bottom-padding single-h-padding limit-width row-parent\"><div class=\"wpb_row row-inner\"><div class=\"wpb_column pos-top pos-center align_left column_parent col-lg-12 single-internal-gutter\"><div class=\"uncol style-light\"  ><div class=\"uncoltable\"><div class=\"uncell no-block-padding\" ><div class=\"uncont\" ><div class=\"vc_custom_heading_wrap\"><div class=\"heading-text el-text\" ><h2 class=\"h2 font-weight-100\" ><span>RODO &#8211; KLAUZULA INFORMACYJNA O PRZETWARZANIU DANYCH OSOBOWYCH<\/span><\/h2><\/div><div class=\"clear\"><\/div><\/div><div class=\"uncode_text_column\" ><\/p>\n<ul>\n<li>TROCON Sp\u00f3\u0142ka z ograniczon\u0105 odpowiedzialno\u015bci\u0105 z siedzib\u0105 w Cieszynie, ul. I. Kraszewskiego 9, 43-400 Cieszyn (dalej: Trocon) jest administratorem danych osobowych swoich pracownik\u00f3w, klient\u00f3w, kontrahent\u00f3w, a tak\u017ce innych os\u00f3b, kt\u00f3rych dane s\u0105 przetwarzane w ramach bie\u017c\u0105cej dzia\u0142alno\u015bci.<\/li>\n<li>W sprawach dotycz\u0105cych przetwarzania danych osobowych nale\u017cy kontaktowa\u0107 si\u0119 pod numerem (33) 858 32 51<\/li>\n<li>Dane osobowe s\u0105 przetwarzane w celu realizacji obowi\u0105zk\u00f3w zwi\u0105zanych z zatrudnieniem i prowadzeniem rachunkowo\u015bci, a tak\u017ce w celu realizacji zawartych um\u00f3w. Ponadto dane kontaktowe s\u0105 przetwarzane w ramach prawnie uzasadnionego interesu administratora jakim jest utrzymywanie relacji biznesowych ze sta\u0142ymi klientami i kontrahentami, a tak\u017ce w zwi\u0105zku ze \u015bwiadczenie us\u0142ug serwisowych na rzecz klient\u00f3w Trocon<\/li>\n<li>Przetwarzane przez Trocon dane osobowe nie s\u0105 przekazywane podmiotom trzeci ani do kraj\u00f3w trzecich, za wyj\u0105tkiem sytuacji powierzenia ich przetwarzania na zlecenie Trocon podmiotom trzecim, kt\u00f3re odbywa si\u0119 na podstawie zawartych um\u00f3w z podmiotami przetwarzaj\u0105cymi.<\/li>\n<li>Dane osobowe s\u0105 przechowywane nie d\u0142u\u017cej ni\u017c przez okres ich u\u017cyteczno\u015bci dla za\u0142o\u017conego celu i s\u0105 usuwane niezw\u0142ocznie po ustaniu ich u\u017cyteczno\u015bci.<\/li>\n<li>Ka\u017cda osoba, kt\u00f3rej dane Trocon przetwarza, ma prawo do \u017c\u0105dania dost\u0119pu do nich, ich sprostowania, usuni\u0119cia lub ograniczenia ich przetwarzania, a tak\u017ce wniesienia sprzeciwu wobec ich przetwarzania oraz do ich przenoszenia. Osoba, kt\u00f3rej dane s\u0105 przetwarzane, ma r\u00f3wnie\u017c prawo wnie\u015b\u0107 skarg\u0119 do organu nadzorczego.<\/li>\n<li>Dane osobowe przetwarzane przez Trocon nie podlegaj\u0105 profilowaniu.<\/li>\n<li>Dane osobowe przetwarzane przez Trocon podchodz\u0105 bezpo\u015brednio od os\u00f3b, kt\u00f3rych dotycz\u0105 lub s\u0105 pozyskiwane z og\u00f3lnodost\u0119pnych \u017ar\u00f3de\u0142.<\/li>\n<\/ul>\n<p>\n<\/div><\/div><\/div><\/div><\/div><\/div><script id=\"script-row-unique-0\" data-row=\"script-row-unique-0\" type=\"text\/javascript\" class=\"vc_controls\">UNCODE.initRow(document.getElementById(\"row-unique-0\"));<\/script><\/div><\/div><\/div>\n<\/div>","protected":false},"excerpt":{"rendered":"RODO - KLAUZULA INFORMACYJNA O PRZETWARZANIU DANYCH OSOBOWYCH TROCON Sp\u00f3\u0142ka z ograniczon\u0105 odpowiedzialno\u015bci\u0105 z siedzib\u0105 w Cieszynie, ul. I. Kraszewskiego [...]","protected":false},"author":1,"featured_media":0,"parent":0,"menu_order":0,"comment_status":"closed","ping_status":"closed","template":"","meta":{"footnotes":""},"class_list":["post-350","page","type-page","status-publish","hentry"],"_links":{"self":[{"href":"https:\/\/trocon.pl\/en\/wp-json\/wp\/v2\/pages\/350"}],"collection":[{"href":"https:\/\/trocon.pl\/en\/wp-json\/wp\/v2\/pages"}],"about":[{"href":"https:\/\/trocon.pl\/en\/wp-json\/wp\/v2\/types\/page"}],"author":[{"embeddable":true,"href":"https:\/\/trocon.pl\/en\/wp-json\/wp\/v2\/users\/1"}],"replies":[{"embeddable":true,"href":"https:\/\/trocon.pl\/en\/wp-json\/wp\/v2\/comments?post=350"}],"version-history":[{"count":1,"href":"https:\/\/trocon.pl\/en\/wp-json\/wp\/v2\/pages\/350\/revisions"}],"predecessor-version":[{"id":351,"href":"https:\/\/trocon.pl\/en\/wp-json\/wp\/v2\/pages\/350\/revisions\/351"}],"wp:attachment":[{"href":"https:\/\/trocon.pl\/en\/wp-json\/wp\/v2\/media?parent=350"}],"curies":[{"name":"wp","href":"https:\/\/api.w.org\/{rel}","templated":true}]}}