{"id":456,"date":"2024-03-13T11:50:26","date_gmt":"2024-03-13T10:50:26","guid":{"rendered":"https:\/\/trocon.pl\/?page_id=456"},"modified":"2024-03-13T13:28:00","modified_gmt":"2024-03-13T12:28:00","slug":"szafy-teletechniczne","status":"publish","type":"page","link":"https:\/\/trocon.pl\/en\/szafy-teletechniczne\/","title":{"rendered":"Industrial cabinets"},"content":{"rendered":"<div class=\"wpb-content-wrapper\"><div data-parent=\"true\" class=\"vc_row style-color-lxmt-bg row-container\" id=\"row-unique-0\"><div class=\"row quad-top-padding quad-bottom-padding single-h-padding full-width row-parent\"><div class=\"wpb_row row-inner\"><div class=\"wpb_column pos-top pos-center align_left column_parent col-lg-12 single-internal-gutter\"><div class=\"uncol style-light\"  ><div class=\"uncoltable\"><div class=\"uncell no-block-padding\" ><div class=\"uncont\" ><div id=\"index-2\" class=\"isotope-system isotope-general-light grid-general-light\" >\n\t\t\t\n\t\t\t\t\t\t<div class=\"isotope-wrapper grid-wrapper single-gutter isotope-inner-padding grid-inner-padding\">\t\t\t\t\t\t<div class=\"isotope-container grid-container isotope-layout style-masonry isotope-pagination grid-pagination\" data-type=\"masonry\" data-layout=\"masonry\" data-lg=\"1000\" data-md=\"600\" data-sm=\"480\" data-vp-height=\"\">\t\t\t<div class=\"tmb atc-typography-inherit tmb-iso-w12 tmb-iso-h4 tmb-light tmb-content-lateral-left tmb-content-vertical-middle tmb-content-size-3 tmb-content-lateral-responsive tmb-content-left tmb-content-mobile-center tmb-image-anim tmb-bordered  grid-cat-13 tmb-id-440 tmb-content-lateral tmb-media-first\" ><div class=\"t-inside style-color-139682-bg animate_when_almost_visible bottom-t-top\" data-delay=\"200\"><div class=\"t-entry-visual\"><div class=\"t-entry-visual-tc\"><div class=\"t-entry-visual-cont\"><div class=\"dummy\" style=\"padding-top: 100%;\"><\/div><a tabindex=\"-1\" href=\"https:\/\/trocon.pl\/en\/portfolio\/szafa-zewnetrzna-trocon-trcbx-s1-ipi-ten\/\" class=\"pushed\" target=\"_self\" data-lb-index=\"0\"><div class=\"t-entry-visual-overlay\"><div class=\"t-entry-visual-overlay-in style-dark-bg\" style=\"opacity: 0.5;\"><\/div><\/div><img decoding=\"async\" class=\"wp-image-472\" src=\"https:\/\/trocon.pl\/wp-content\/uploads\/2024\/03\/s1-1.png\" width=\"700\" height=\"700\" alt=\"\" srcset=\"https:\/\/trocon.pl\/wp-content\/uploads\/2024\/03\/s1-1.png 700w, https:\/\/trocon.pl\/wp-content\/uploads\/2024\/03\/s1-1-300x300.png 300w, https:\/\/trocon.pl\/wp-content\/uploads\/2024\/03\/s1-1-150x150.png 150w, https:\/\/trocon.pl\/wp-content\/uploads\/2024\/03\/s1-1-350x350.png 350w, https:\/\/trocon.pl\/wp-content\/uploads\/2024\/03\/s1-1-348x348.png 348w\" sizes=\"(max-width: 700px) 100vw, 700px\" \/><\/a><\/div>\n\t\t\t\t\t<\/div>\n\t\t\t\t<\/div><div class=\"t-entry-text\">\n\t\t\t\t\t\t\t\t\t<div class=\"t-entry-text-tc triple-block-padding\"><div class=\"t-entry\"><h3 class=\"t-entry-title h3 font-weight-400 title-scale\"><a href=\"https:\/\/trocon.pl\/en\/portfolio\/szafa-zewnetrzna-trocon-trcbx-s1-ipi-ten\/\" target=\"_self\">Outdoor cabinet TROCON TR S1 Ipi<\/a><\/h3><div class=\"t-entry-excerpt\"><p>The Trocon TR S1 Ipi series of cabinets are outdoor distribution cabinets made of powder-coated aluminum. Double-layered walls, a high degree of protection and electrostatic painting, provide optimal protection for the equipment mounted inside.\n<\/p><\/div><hr \/><p class=\"t-entry-readmore btn-container\"><a href=\"https:\/\/trocon.pl\/en\/portfolio\/szafa-zewnetrzna-trocon-trcbx-s1-ipi-ten\/\" class=\"btn btn-default btn-sm\" target=\"_self\">Read More<\/a><\/p><\/div><\/div>\n\t\t\t\t\t\t\t<\/div><\/div><\/div><div class=\"tmb atc-typography-inherit tmb-iso-w12 tmb-iso-h4 tmb-light tmb-content-lateral-right tmb-content-vertical-middle tmb-content-size-3 tmb-content-lateral-responsive tmb-content-right tmb-content-mobile-center tmb-image-anim tmb-bordered  grid-cat-13 tmb-id-443 tmb-content-lateral tmb-media-first\" ><div class=\"t-inside style-color-139682-bg animate_when_almost_visible bottom-t-top\" data-delay=\"200\"><div class=\"t-entry-visual\"><div class=\"t-entry-visual-tc\"><div class=\"t-entry-visual-cont\"><div class=\"dummy\" style=\"padding-top: 100%;\"><\/div><a tabindex=\"-1\" href=\"https:\/\/trocon.pl\/en\/portfolio\/szafa-zewnetrzna-trocon-trcx-s2-ipi-ten\/\" class=\"pushed\" target=\"_self\" data-lb-index=\"1\"><div class=\"t-entry-visual-overlay\"><div class=\"t-entry-visual-overlay-in style-dark-bg\" style=\"opacity: 0.5;\"><\/div><\/div><img decoding=\"async\" class=\"wp-image-471\" src=\"https:\/\/trocon.pl\/wp-content\/uploads\/2024\/03\/s2-1.png\" width=\"700\" height=\"700\" alt=\"\" srcset=\"https:\/\/trocon.pl\/wp-content\/uploads\/2024\/03\/s2-1.png 700w, https:\/\/trocon.pl\/wp-content\/uploads\/2024\/03\/s2-1-300x300.png 300w, https:\/\/trocon.pl\/wp-content\/uploads\/2024\/03\/s2-1-150x150.png 150w, https:\/\/trocon.pl\/wp-content\/uploads\/2024\/03\/s2-1-350x350.png 350w, https:\/\/trocon.pl\/wp-content\/uploads\/2024\/03\/s2-1-348x348.png 348w\" sizes=\"(max-width: 700px) 100vw, 700px\" \/><\/a><\/div>\n\t\t\t\t\t<\/div>\n\t\t\t\t<\/div><div class=\"t-entry-text\">\n\t\t\t\t\t\t\t\t\t<div class=\"t-entry-text-tc triple-block-padding\"><div class=\"t-entry\"><h3 class=\"t-entry-title h3 font-weight-400 title-scale\"><a href=\"https:\/\/trocon.pl\/en\/portfolio\/szafa-zewnetrzna-trocon-trcx-s2-ipi-ten\/\" target=\"_self\">Outdoor cabinet TROCON TR S2 Ipi<\/a><\/h3><div class=\"t-entry-excerpt\"><p>Standing and hanging cabinets with increased airtightness, perfect for areas with high dust or moisture. First of all, they are recommended for installation on production halls or near places with open access of air from the outside. Cabinets in the external design have a rubber gasket and are covered with a special primer, providing them with durability and resistance to conditions......<\/p><\/div><hr \/><p class=\"t-entry-readmore btn-container\"><a href=\"https:\/\/trocon.pl\/en\/portfolio\/szafa-zewnetrzna-trocon-trcx-s2-ipi-ten\/\" class=\"btn btn-default btn-sm\" target=\"_self\">Read More<\/a><\/p><\/div><\/div>\n\t\t\t\t\t\t\t<\/div><\/div><\/div><div class=\"tmb atc-typography-inherit tmb-iso-w12 tmb-iso-h4 tmb-light tmb-content-lateral-left tmb-content-vertical-middle tmb-content-size-3 tmb-content-lateral-responsive tmb-content-left tmb-content-mobile-center tmb-image-anim tmb-bordered  grid-cat-13 tmb-id-447 tmb-content-lateral tmb-media-first\" ><div class=\"t-inside style-color-139682-bg animate_when_almost_visible bottom-t-top\" data-delay=\"200\"><div class=\"t-entry-visual\"><div class=\"t-entry-visual-tc\"><div class=\"t-entry-visual-cont\"><div class=\"dummy\" style=\"padding-top: 100%;\"><\/div><a tabindex=\"-1\" href=\"https:\/\/trocon.pl\/en\/portfolio\/szafa-wewnetrzna-trocon-trcbl-s3-ipi-ten\/\" class=\"pushed\" target=\"_self\" data-lb-index=\"2\"><div class=\"t-entry-visual-overlay\"><div class=\"t-entry-visual-overlay-in style-dark-bg\" style=\"opacity: 0.5;\"><\/div><\/div><img decoding=\"async\" class=\"wp-image-470\" src=\"https:\/\/trocon.pl\/wp-content\/uploads\/2024\/03\/s3-1.png\" width=\"700\" height=\"700\" alt=\"\" srcset=\"https:\/\/trocon.pl\/wp-content\/uploads\/2024\/03\/s3-1.png 700w, https:\/\/trocon.pl\/wp-content\/uploads\/2024\/03\/s3-1-300x300.png 300w, https:\/\/trocon.pl\/wp-content\/uploads\/2024\/03\/s3-1-150x150.png 150w, https:\/\/trocon.pl\/wp-content\/uploads\/2024\/03\/s3-1-350x350.png 350w, https:\/\/trocon.pl\/wp-content\/uploads\/2024\/03\/s3-1-348x348.png 348w\" sizes=\"(max-width: 700px) 100vw, 700px\" \/><\/a><\/div>\n\t\t\t\t\t<\/div>\n\t\t\t\t<\/div><div class=\"t-entry-text\">\n\t\t\t\t\t\t\t\t\t<div class=\"t-entry-text-tc triple-block-padding\"><div class=\"t-entry\"><h3 class=\"t-entry-title h3 font-weight-400 title-scale\"><a href=\"https:\/\/trocon.pl\/en\/portfolio\/szafa-wewnetrzna-trocon-trcbl-s3-ipi-ten\/\" target=\"_self\">Indoor cabinet TROCON TR S3 Ipi<\/a><\/h3><div class=\"t-entry-excerpt\"><p>TR S3 data communication cabinets are ready for direct installation, and their design ensures that the doors can be configured and how they can be placed either on a pedestal or on legs. The TRCBL series is the optimal solution for server cabinets with a wide range of applications.\n<\/p><\/div><hr \/><p class=\"t-entry-readmore btn-container\"><a href=\"https:\/\/trocon.pl\/en\/portfolio\/szafa-wewnetrzna-trocon-trcbl-s3-ipi-ten\/\" class=\"btn btn-default btn-sm\" target=\"_self\">Read More<\/a><\/p><\/div><\/div>\n\t\t\t\t\t\t\t<\/div><\/div><\/div><div class=\"tmb atc-typography-inherit tmb-iso-w12 tmb-iso-h4 tmb-light tmb-content-lateral-right tmb-content-vertical-middle tmb-content-size-3 tmb-content-lateral-responsive tmb-content-right tmb-content-mobile-center tmb-image-anim tmb-bordered  grid-cat-13 tmb-id-450 tmb-content-lateral tmb-media-first\" ><div class=\"t-inside style-color-139682-bg animate_when_almost_visible bottom-t-top\" data-delay=\"200\"><div class=\"t-entry-visual\"><div class=\"t-entry-visual-tc\"><div class=\"t-entry-visual-cont\"><div class=\"dummy\" style=\"padding-top: 100%;\"><\/div><a tabindex=\"-1\" href=\"https:\/\/trocon.pl\/en\/portfolio\/szafa-wewnetrzna-trocon-trcb-s4-ipi\/\" class=\"pushed\" target=\"_self\" data-lb-index=\"3\"><div class=\"t-entry-visual-overlay\"><div class=\"t-entry-visual-overlay-in style-dark-bg\" style=\"opacity: 0.5;\"><\/div><\/div><img decoding=\"async\" class=\"wp-image-469\" src=\"https:\/\/trocon.pl\/wp-content\/uploads\/2024\/03\/s4-1.png\" width=\"700\" height=\"700\" alt=\"\" srcset=\"https:\/\/trocon.pl\/wp-content\/uploads\/2024\/03\/s4-1.png 700w, https:\/\/trocon.pl\/wp-content\/uploads\/2024\/03\/s4-1-300x300.png 300w, https:\/\/trocon.pl\/wp-content\/uploads\/2024\/03\/s4-1-150x150.png 150w, https:\/\/trocon.pl\/wp-content\/uploads\/2024\/03\/s4-1-350x350.png 350w, https:\/\/trocon.pl\/wp-content\/uploads\/2024\/03\/s4-1-348x348.png 348w\" sizes=\"(max-width: 700px) 100vw, 700px\" \/><\/a><\/div>\n\t\t\t\t\t<\/div>\n\t\t\t\t<\/div><div class=\"t-entry-text\">\n\t\t\t\t\t\t\t\t\t<div class=\"t-entry-text-tc triple-block-padding\"><div class=\"t-entry\"><h3 class=\"t-entry-title h3 font-weight-400 title-scale\"><a href=\"https:\/\/trocon.pl\/en\/portfolio\/szafa-wewnetrzna-trocon-trcb-s4-ipi\/\" target=\"_self\">Indoor cabinet TROCON TR S4 Ipi<\/a><\/h3><div class=\"t-entry-excerpt\"><p>TR S4 Ipi closet is a combination of functionality, modern design and high quality workmanship.\n<\/p><\/div><hr \/><p class=\"t-entry-readmore btn-container\"><a href=\"https:\/\/trocon.pl\/en\/portfolio\/szafa-wewnetrzna-trocon-trcb-s4-ipi\/\" class=\"btn btn-default btn-sm\" target=\"_self\">Read More<\/a><\/p><\/div><\/div>\n\t\t\t\t\t\t\t<\/div><\/div><\/div>\t\t<\/div>\n\t\n\n\t<\/div>\t\t\t<\/div>\n<\/div><\/div><\/div><\/div><\/div><script id=\"script-row-unique-0\" data-row=\"script-row-unique-0\" type=\"text\/javascript\" class=\"vc_controls\">UNCODE.initRow(document.getElementById(\"row-unique-0\"));<\/script><\/div><\/div><\/div>\n<\/div>","protected":false},"excerpt":{"rendered":"Szafa wewn\u0119trzna TROCON TR S4 IpiSzafa TROCON TR S4 Ipi to po\u0142\u0105czenie funkcjonalno\u015bci, nowoczesnego designu oraz wysokiej jako\u015bci wykonania. Charakterystyka [...]","protected":false},"author":1,"featured_media":0,"parent":0,"menu_order":0,"comment_status":"closed","ping_status":"closed","template":"","meta":{"footnotes":""},"class_list":["post-456","page","type-page","status-publish","hentry"],"_links":{"self":[{"href":"https:\/\/trocon.pl\/en\/wp-json\/wp\/v2\/pages\/456"}],"collection":[{"href":"https:\/\/trocon.pl\/en\/wp-json\/wp\/v2\/pages"}],"about":[{"href":"https:\/\/trocon.pl\/en\/wp-json\/wp\/v2\/types\/page"}],"author":[{"embeddable":true,"href":"https:\/\/trocon.pl\/en\/wp-json\/wp\/v2\/users\/1"}],"replies":[{"embeddable":true,"href":"https:\/\/trocon.pl\/en\/wp-json\/wp\/v2\/comments?post=456"}],"version-history":[{"count":3,"href":"https:\/\/trocon.pl\/en\/wp-json\/wp\/v2\/pages\/456\/revisions"}],"predecessor-version":[{"id":473,"href":"https:\/\/trocon.pl\/en\/wp-json\/wp\/v2\/pages\/456\/revisions\/473"}],"wp:attachment":[{"href":"https:\/\/trocon.pl\/en\/wp-json\/wp\/v2\/media?parent=456"}],"curies":[{"name":"wp","href":"https:\/\/api.w.org\/{rel}","templated":true}]}}